{"id":3834,"date":"2025-08-27T11:10:14","date_gmt":"2025-08-27T11:10:14","guid":{"rendered":"https:\/\/nnc.demo.inventiff.agency\/politica-privind-cookie-urile\/"},"modified":"2026-04-01T12:36:23","modified_gmt":"2026-04-01T12:36:23","slug":"politica-privind-cookie-urile","status":"publish","type":"page","link":"https:\/\/nnc-services.com\/ro\/politica-privind-cookie-urile\/","title":{"rendered":"Politica privind cookie-urile"},"content":{"rendered":"<p>[et_pb_section fb_built=&#8221;1&#8243; module_class=&#8221;legal-page-section&#8221; _builder_version=&#8221;4.27.4&#8243; _module_preset=&#8221;default&#8221; global_colors_info=&#8221;{}&#8221;][et_pb_row module_class=&#8221;legal-page-row&#8221; _builder_version=&#8221;4.27.4&#8243; _module_preset=&#8221;default&#8221; global_colors_info=&#8221;{}&#8221;][et_pb_column type=&#8221;4_4&#8243; _builder_version=&#8221;4.27.4&#8243; _module_preset=&#8221;default&#8221; global_colors_info=&#8221;{}&#8221;][et_pb_heading title=&#8221;Politica privind cookie-urile&#8221; module_class=&#8221;mb6&#8243; _builder_version=&#8221;4.27.4&#8243; _module_preset=&#8221;default&#8221; global_colors_info=&#8221;{}&#8221;][\/et_pb_heading][et_pb_text module_class=&#8221;legal-contant&#8221; _builder_version=&#8221;4.27.4&#8243; _module_preset=&#8221;default&#8221; global_colors_info=&#8221;{}&#8221;]<\/p>\n<p>Prezenta politic\u0103 se refer\u0103 la cookie-urile \u0219i paginile web gestionate de NNC Services (denumit\u0103 \u00een continuare \u201eNNC\u201d).<\/p>\n<p>NNC SERVICES utilizeaz\u0103 cookie-uri pentru a \u00eembun\u0103t\u0103\u021bi experien\u021ba dvs. de utilizare a site-ului web. NNC SERVICES a selectat cu aten\u021bie aceste cookie-uri \u0219i a luat m\u0103suri pentru a se asigura c\u0103 confiden\u021bialitatea dvs. este protejat\u0103 \u0219i respectat\u0103 \u00een permanen\u021b\u0103. <\/p>\n<p>\u00cenainte ca site-ul web s\u0103 plaseze cookie-uri pe computerul dumneavoastr\u0103, vi se va afi\u0219a o bar\u0103 de mesaje prin care vi se solicit\u0103 consim\u021b\u0103m\u00e2ntul pentru setarea acestor cookie-uri.<\/p>\n<p>Prin acordarea consim\u021b\u0103m\u00e2ntului pentru plasarea cookie-urilor, permite\u021bi NNC SERVICES s\u0103 v\u0103 ofere o experien\u021b\u0103 \u0219i un serviciu mai bune. Dac\u0103 dori\u021bi, pute\u021bi refuza consim\u021b\u0103m\u00e2ntul pentru plasarea cookie-urilor; cu toate acestea, anumite func\u021bii ale site-ului web ar putea s\u0103 nu func\u021bioneze pe deplin sau a\u0219a cum este prev\u0103zut. <\/p>\n<p>Pute\u021bi alege s\u0103 activa\u021bi sau s\u0103 dezactiva\u021bi cookie-urile \u00een browserul dvs. de internet. \u00cen mod implicit, majoritatea browserelor de internet accept\u0103 cookie-urile, dar acest lucru poate fi modificat. Pentru mai multe detalii, v\u0103 rug\u0103m s\u0103 consulta\u021bi meniul de ajutor din browserul dvs. de internet.  <\/p>\n<p>Pute\u021bi alege s\u0103 \u0219terge\u021bi cookie-urile \u00een orice moment; cu toate acestea, este posibil s\u0103 pierde\u021bi orice informa\u021bii care v\u0103 permit s\u0103 accesa\u021bi site-ul web mai rapid \u0219i mai eficient, inclusiv, dar f\u0103r\u0103 a se limita la, set\u0103rile de personalizare.<\/p>\n<p>V\u0103 recomand\u0103m s\u0103 v\u0103 asigura\u021bi c\u0103 browserul dvs. de internet este actualizat \u0219i s\u0103 consulta\u021bi ajutorul \u0219i \u00eendrum\u0103rile furnizate de dezvoltatorul browserului dvs. de internet dac\u0103 nu sunte\u021bi sigur cu privire la ajustarea set\u0103rilor de confiden\u021bialitate.<\/p>\n<p>Pentru mai multe informa\u021bii generale despre cookie-uri, inclusiv despre modul \u00een care le pute\u021bi dezactiva, v\u0103 rug\u0103m s\u0103 consulta\u021bi site-ul aboutcookies.org. Ve\u021bi g\u0103si, de asemenea, detalii despre cum s\u0103 \u0219terge\u021bi cookie-urile de pe computerul dumneavoastr\u0103. <\/p>\n<h6>Ce sunt cookie-urile?<\/h6>\n<p>Un cookie este un mic fi\u0219ier format din litere \u0219i cifre care va fi stocat pe computerul, terminalul mobil sau alt echipament al unui utilizator care acceseaz\u0103 Internetul. Cookie-ul este instalat printr-o solicitare a browserului web (de exemplu, Internet Explorer, Chrome) \u0219i este complet \u201epasiv\u201d (nu con\u021bine software, viru\u0219i sau spyware \u0219i nu poate accesa informa\u021biile de pe hard disk-ul utilizatorului). <\/p>\n<h6>La ce servesc cookie-urile?<\/h6>\n<p>Aceste fi\u0219iere permit recunoa\u0219terea terminalului utilizatorului \u0219i prezentarea con\u021binutului \u00eentr-un mod relevant, adaptat preferin\u021belor utilizatorului. Cookie-urile ofer\u0103 utilizatorilor o experien\u021b\u0103 de navigare pl\u0103cut\u0103 \u0219i sus\u021bin eforturile NNC de a furniza servicii u\u0219or de utilizat; de exemplu: preferin\u021bele de confiden\u021bialitate online. De asemenea, sunt utilizate pentru a preg\u0103ti statistici agregate anonime care ne ajut\u0103 s\u0103 \u00een\u021belegem modul \u00een care un utilizator beneficiaz\u0103 de paginile noastre web, permi\u021b\u00e2ndu-ne s\u0103 \u00eembun\u0103t\u0103\u021bim structura \u0219i con\u021binutul acestora, excluz\u00e2nd identificarea personal\u0103 a utilizatorului.  <\/p>\n<h6>Ce cookie-uri utiliz\u0103m?<\/h6>\n<p>Utiliz\u0103m dou\u0103 tipuri de cookie-uri: pe sesiune \u0219i fixe. Cele din urm\u0103 sunt fi\u0219iere temporare care r\u0103m\u00e2n \u00een terminalul utilizatorului p\u00e2n\u0103 la sf\u00e2r\u0219itul sesiunii sau p\u00e2n\u0103 la \u00eenchiderea aplica\u021biei (browserul web). Fi\u0219ierele fixe r\u0103m\u00e2n \u00een terminalul utilizatorului pentru o perioad\u0103 de timp specificat\u0103 \u00een parametrii cookie-ului sau p\u00e2n\u0103 c\u00e2nd sunt \u0219terse manual de c\u0103tre utilizator.  <\/p>\n<h6>Cum sunt utilizate cookie-urile pe site-ul nostru?<\/h6>\n<p>O vizit\u0103 pe site-ul nostru poate duce la instalarea urm\u0103toarelor tipuri de cookie-uri:<\/p>\n<ul>\n<li>Cookie-uri de performan\u021b\u0103 a site-ului<\/li>\n<li>Cookie-uri pentru analiza vizitatorilor<\/li>\n<li>Cookie-uri pentru geotargetare<\/li>\n<li>Cookie-uri de \u00eenregistrare<\/li>\n<li>Cookie-uri publicitare<\/li>\n<li>Cookie-uri ale advertiserilor<\/li>\n<\/ul>\n<h6>Cookie-urile con\u021bin date cu caracter personal?<\/h6>\n<p>Cookie-ul \u00een sine nu necesit\u0103 informa\u021bii personale pentru a fi utilizat \u0219i, \u00een cele mai multe cazuri, nu identific\u0103 personal utilizatorii de internet. Datele cu caracter personal colectate prin utilizarea cookie-urilor pot fi colectate doar pentru a facilita anumite func\u021bii ale utilizatorului. Astfel de date sunt criptate \u00eentr-un mod care \u00eempiedic\u0103 accesul persoanelor neautorizate la acestea.  <\/p>\n<h6>\u0218tergerea cookie-urilor?<\/h6>\n<p>\u00cen general, o aplica\u021bie utilizat\u0103 pentru accesarea paginilor web v\u0103 permite, implicit, s\u0103 salva\u021bi cookie-uri pe terminal. Aceste set\u0103ri pot fi modificate astfel \u00eenc\u00e2t administrarea automat\u0103 a cookie-urilor s\u0103 fie blocat\u0103 de browserul web sau utilizatorul s\u0103 fie informat de fiecare dat\u0103 c\u00e2nd cookie-urile sunt trimise c\u0103tre terminalul s\u0103u. Informa\u021bii detaliate despre posibilit\u0103\u021bile \u0219i modalit\u0103\u021bile de gestionare a cookie-urilor pot fi g\u0103site \u00een zona de set\u0103ri a aplica\u021biei (browserul web). Restric\u021bionarea utiliz\u0103rii cookie-urilor poate afecta anumite func\u021bionalit\u0103\u021bi ale paginii web.   <\/p>\n<h6>De ce sunt importante cookie-urile pentru internet?<\/h6>\n<p>Cookie-urile sunt un element central al func\u021bion\u0103rii eficiente a internetului, contribuind la generarea unei experien\u021be de navigare prietenoase \u0219i sunt adaptate preferin\u021belor \u0219i intereselor fiec\u0103rui utilizator. Refuzarea sau dezactivarea cookie-urilor poate face unele site-uri inutilizabile. <\/p>\n<p>Refuzarea sau dezactivarea cookie-urilor nu \u00eenseamn\u0103 c\u0103 nu ve\u021bi mai primi publicitate online \u2013 ci doar c\u0103 aceasta nu va mai putea \u021bine cont de preferin\u021bele \u0219i interesele dumneavoastr\u0103 eviden\u021biate de comportamentul de navigare.<br \/>Exemple de utiliz\u0103ri importante ale cookie-urilor (care nu necesit\u0103 autentificarea unui utilizator printr-un cont):<\/p>\n<ul>\n<li>Con\u021binut \u0219i servicii adaptate preferin\u021belor utilizatorului \u2013 categorii de produse \u0219i servicii.<\/li>\n<li>Oferte adaptate intereselor utilizatorului \u2013 re\u021binerea parolelor.<\/li>\n<li>P\u0103strarea filtrelor de protec\u021bie a copiilor pentru con\u021binutul de pe internet (op\u021biuni de tip \u201emod familie\u201d, func\u021bii de c\u0103utare sigur\u0103).<\/li>\n<li>Limitarea frecven\u021bei de afi\u0219are a reclamelor \u2013 limitarea num\u0103rului de afi\u0219\u0103ri ale unei reclame pentru un anumit utilizator pe un site.<\/li>\n<li>Furnizarea de publicitate mai relevant\u0103 pentru utilizator.<\/li>\n<li>Func\u021bii de m\u0103surare, optimizare \u0219i analiz\u0103 \u2013 cum ar fi confirmarea unui anumit nivel de trafic pe un site, ce tip de con\u021binut este vizualizat \u0219i cum ajunge un utilizator pe un site (de ex., prin motoare de c\u0103utare, direct de pe alte site-uri etc.). Site-urile efectueaz\u0103 aceste analize ale utiliz\u0103rii pentru a le \u00eembun\u0103t\u0103\u021bi \u00een beneficiul utilizatorilor. <\/li>\n<\/ul>\n<h6>Aspecte de securitate \u0219i confiden\u021bialitate<\/h6>\n<p>Cookie-urile NU sunt viru\u0219i! Ele folosesc formate text simple. Nu sunt alc\u0103tuite din buc\u0103\u021bi de cod, astfel \u00eenc\u00e2t nu pot fi executate \u0219i nu pot rula automat. \u00cen consecin\u021b\u0103, nu se pot duplica sau replica pe alte re\u021bele pentru a rula sau a se replica din nou. Deoarece nu pot \u00eendeplini aceste func\u021bii, nu pot fi considerate viru\u0219i.    <\/p>\n<p>Cookie-urile pot fi totu\u0219i folosite \u00een scopuri negative. Deoarece stocheaz\u0103 informa\u021bii despre preferin\u021bele utilizatorilor \u0219i istoricul de navigare, at\u00e2t pe un anumit site, c\u00e2t \u0219i pe mai multe alte site-uri, cookie-urile pot fi utilizate ca o form\u0103 de spyware. Multe produse anti-spyware sunt con\u0219tiente de acest lucru \u0219i marcheaz\u0103 constant cookie-urile pentru \u0219tergere \u00een procedurile de eliminare\/scanare anti-virus \/ anti-spyware.  <\/p>\n<p>\u00cen general, browserele au set\u0103ri de confiden\u021bialitate integrate care ofer\u0103 diferite niveluri de acceptare a cookie-urilor, durat\u0103 de via\u021b\u0103 \u0219i \u0219tergere automat\u0103 dup\u0103 ce utilizatorul a vizitat un anumit site.<\/p>\n<h6>Alte aspecte de securitate legate de cookie-uri:<\/h6>\n<p>Deoarece protec\u021bia identit\u0103\u021bii este foarte valoroas\u0103 \u0219i este dreptul fiec\u0103rui utilizator de internet, este recomandat s\u0103 cunoa\u0219te\u021bi ce probleme pot crea cookie-urile. Pentru a transmite informa\u021bii constante \u00een ambele direc\u021bii \u00eentre browser \u0219i site, dac\u0103 un atacator sau o persoan\u0103 neautorizat\u0103 intervine \u00een timpul transmiterii datelor, informa\u021biile con\u021binute \u00een cookie pot fi interceptate. <\/p>\n<p>De\u0219i acest lucru se poate \u00eent\u00e2mpla foarte rar, se poate \u00eent\u00e2mpla dac\u0103 browserul se conecteaz\u0103 la server folosind o re\u021bea necriptat\u0103 (de ex., o re\u021bea WiFi nesecurizat\u0103).<\/p>\n<p>Alte atacuri bazate pe cookie-uri implic\u0103 set\u0103ri incorecte ale cookie-urilor pe servere. Dac\u0103 un site nu solicit\u0103 browserului s\u0103 utilizeze doar canale criptate, atacatorii pot exploata aceast\u0103 vulnerabilitate pentru a \u00eempiedica browserele s\u0103 trimit\u0103 informa\u021bii prin canale nesigure. Apoi, atacatorii folosesc informa\u021biile \u00een scopul accesului neautorizat la anumite site-uri. Este foarte important s\u0103 fi\u021bi atent(\u0103) la alegerea celei mai potrivite metode de protejare a informa\u021biilor personale.   <\/p>\n<h6>Sfaturi pentru o navigare sigur\u0103 \u0219i responsabil\u0103 bazat\u0103 pe cookie-uri<\/h6>\n<p>Datorit\u0103 flexibilit\u0103\u021bii lor \u0219i faptului c\u0103 majoritatea celor mai vizitate \u0219i mai mari site-uri folosesc cookie-uri, acestea sunt aproape inevitabile. Dezactivarea cookie-urilor nu va permite utilizatorului s\u0103 acceseze cele mai populare \u0219i utilizate site-uri, inclusiv YouTube, Gmail, Yahoo \u0219i altele. <\/p>\n<p>Iat\u0103 c\u00e2teva sfaturi care v\u0103 pot ajuta s\u0103 naviga\u021bi \u00een siguran\u021b\u0103 cu cookie-uri:<\/p>\n<ul>\n<li>Personaliza\u021bi set\u0103rile browserului pentru cookie-uri astfel \u00eenc\u00e2t s\u0103 reflecte un nivel confortabil pentru securitatea cookie-urilor.<\/li>\n<li>Dac\u0103 nu v\u0103 deranjeaz\u0103 cookie-urile \u0219i sunte\u021bi singura persoan\u0103 care folose\u0219te computerul, pute\u021bi seta date de expirare pentru a stoca istoricul de navigare \u0219i datele personale de acces.<\/li>\n<li>Dac\u0103 partaja\u021bi accesul la computer, pute\u021bi lua \u00een considerare setarea browserului pentru a \u0219terge datele individuale de navigare de fiecare dat\u0103 c\u00e2nd \u00eenchide\u021bi browserul. Aceasta este o modalitate de a accesa site-uri care plaseaz\u0103 cookie-uri \u0219i de a \u0219terge orice informa\u021bii de afaceri atunci c\u00e2nd \u00eenchide\u021bi sesiunea de navigare. <\/li>\n<li>Instala\u021bi \u0219i actualiza\u021bi constant aplica\u021biile anti-spyware.<\/li>\n<\/ul>\n<p>Multe dintre aplica\u021biile pentru detectarea \u0219i prevenirea spyware-ului includ detectarea atacurilor asupra site-urilor. Acest lucru \u00eempiedic\u0103 browserul s\u0103 acceseze site-uri care ar putea exploata vulnerabilit\u0103\u021bile browserului sau s\u0103 descarce software periculos. Asigura\u021bi-v\u0103 c\u0103 browserul dumneavoastr\u0103 este \u00eentotdeauna actualizat.  <b><\/b><\/p>\n<p>Multe dintre atacurile prin cookie-uri sunt realizate prin exploatarea punctelor slabe ale versiunilor vechi de browsere.<\/p>\n<p>Cookie-urile sunt peste tot \u0219i nu pot fi evitate dac\u0103 dori\u021bi s\u0103 v\u0103 bucura\u021bi de acces la cele mai bune \u0219i mai mari site-uri de pe internet, locale sau interna\u021bionale. Cu o \u00een\u021belegere clar\u0103 a modului \u00een care func\u021bioneaz\u0103 \u0219i a beneficiilor pe care le aduc, pute\u021bi lua m\u0103surile de securitate necesare pentru a naviga cu \u00eencredere pe internet. <\/p>\n<p>Dezactivarea \u0219i refuzul de a primi cookie-uri pot face unele site-uri nefunc\u021bionale sau dificil de vizitat \u0219i utilizat. De asemenea, refuzul de a accepta cookie-uri nu \u00eenseamn\u0103 c\u0103 nu ve\u021bi mai primi\/vedea publicitate online. <\/p>\n<p>Este posibil s\u0103 configura\u021bi browserul astfel \u00eenc\u00e2t aceste cookie-uri s\u0103 nu mai fie acceptate sau pute\u021bi seta browserul s\u0103 accepte cookie-uri de la un anumit site. \u00cens\u0103, de exemplu, dac\u0103 nu sunte\u021bi \u00eenregistrat(\u0103) folosind cookie-uri, nu ve\u021bi putea l\u0103sa comentarii. <\/p>\n<p>Toate browserele moderne ofer\u0103 posibilitatea de a modifica set\u0103rile cookie-urilor. Aceste set\u0103ri se g\u0103sesc, de obicei, \u00een meniul \u201eop\u021biuni\u201d sau \u201epreferin\u021be\u201d al browserului. <\/p>\n<h6>Linkuri utile<\/h6>\n<p>Pentru a \u00een\u021belege aceste set\u0103ri, urm\u0103toarele linkuri pot fi utile. Pute\u021bi utiliza op\u021biunea \u201eajutor\u201d a browserului pentru mai multe detalii. <br \/><a href=\"https:\/\/support.microsoft.com\/en-gb\/topic\/description-of-cookies-ad01aa7e-66c9-8ab2-7898-6652c100999d\">Set\u0103ri cookie-uri \u00een Internet Explorer<br \/><\/a><a href=\"https:\/\/support.mozilla.org\/en-US\/kb\/cookies-information-websites-store-on-your-computer?redirectlocale=en-US&amp;redirectslug=Cookies\">Set\u0103ri cookie-uri \u00een Firefox<br \/><\/a><a href=\"https:\/\/support.google.com\/chrome\/answer\/95647?hl=en\">Set\u0103ri cookie-uri \u00een Chrome<br \/><\/a><a href=\"http:\/\/support.apple.com\/kb\/PH5042\">Set\u0103ri cookie-uri \u00een Safari<\/a><\/p>\n<p>Pentru set\u0103rile cookie-urilor ter\u021be, pute\u021bi consulta \u0219i site-ul:<br \/><a href=\"http:\/\/www.youronlinechoices.com\/ro\/\">http:\/\/www.youronlinechoices.com\/ro\/ <\/a> <\/p>\n<p>Putem actualiza periodic aceast\u0103 Politic\u0103 privind cookie-urile \u0219i v\u0103 vom notifica cu privire la orice modificare prin afi\u0219area noii versiuni pe site-ul nostru. V\u0103 rug\u0103m s\u0103 consulta\u021bi periodic aceast\u0103 Politic\u0103 privind cookie-urile pentru a verifica eventualele modific\u0103ri. <\/p>\n<h6>Legisla\u021bie relevant\u0103<\/h6>\n<p>Utilizarea cookie-urilor \u0219i obliga\u021biile furnizorilor sunt reglementate at\u00e2t \u00een legisla\u021bia na\u021bional\u0103 (Legea nr. 506\/2004 privind prelucrarea datelor cu caracter personal \u0219i protec\u021bia vie\u021bii private \u00een sectorul comunica\u021biilor electronice, cu modific\u0103rile \u0219i complet\u0103rile ulterioare), c\u00e2t \u0219i \u00een cea european\u0103 (Directiva 2002\/58\/CE privind confiden\u021bialitatea \u0219i comunica\u021biile electronice), astfel cum a fost modificat\u0103 \u0219i completat\u0103 prin Directiva 2009\/136\/CE).<\/p>\n<p><b>Legea 506\/2004<\/b><br \/><a href=\"http:\/\/www.legi-internet.ro\/legislatie-itc\/date-cu-caracter-personal\/legea-privind-prelucrarea-datelor-cu-caracter-personal-si-protectia-vietii-private-in-sectorul-comunicatiilor-electronice.html\">http:\/\/www.legi-internet.ro\/legislatie-itc\/date-cu-caracter-personal\/legea-privind-prelucrarea-datelor-cu-caracter-personal-si-protectia-vietii-private-in-sectorul-comunicatiilor-electronice.html<\/a><\/p>\n<p><b>Directiva 2002\/58\/CE<\/b><br \/><a href=\"http:\/\/eur-lex.europa.eu\/legal-content\/RO\/TXT\/PDF\/?uri=CELEX:02002L0058-20091219&amp;qid=1519813284163&amp;from=EN\">http:\/\/eur-lex.europa.eu\/legal-content\/RO\/TXT\/PDF\/?uri=CELEX:02002L0058-20091219&amp;qid=1519813284163&amp;from=EN<\/a><\/p>\n<p><b>Directiva 2009\/136\/CE<\/b><br \/><a href=\"http:\/\/eur-lex.europa.eu\/legal-content\/RO\/TXT\/PDF\/?uri=CELEX:02009L0136-20091219&amp;qid=1519813511677&amp;from=EN\">http:\/\/eur-lex.europa.eu\/legal-content\/RO\/TXT\/PDF\/?uri=CELEX:02009L0136-20091219&amp;qid=1519813511677&amp;from=EN<\/a><\/p>\n<p>Pentru informa\u021bii suplimentare, v\u0103 rug\u0103m s\u0103 consulta\u021bi urm\u0103toarele documente \u0219i surse de informare public\u0103:<\/p>\n<p><b>Regulamentul general privind protec\u021bia datelor nr. 679\/2016 (\u201eGDPR\u201d)<\/b><br \/><a href=\"http:\/\/eur-lex.europa.eu\/legal-content\/RO\/TXT\/PDF\/?uri=CELEX:32016R0679&amp;from=en\">http:\/\/eur-lex.europa.eu\/legal-content\/RO\/TXT\/PDF\/?uri=CELEX:32016R0679&amp;from=en<\/a><\/p>\n<p>[\/et_pb_text][\/et_pb_column][\/et_pb_row][\/et_pb_section]<\/p>\n","protected":false},"excerpt":{"rendered":"<p>Prezenta politic\u0103 se refer\u0103 la cookie-urile \u0219i paginile web gestionate de NNC Services (denumit\u0103 \u00een continuare \u201eNNC\u201d). NNC SERVICES utilizeaz\u0103 cookie-uri pentru a \u00eembun\u0103t\u0103\u021bi experien\u021ba dvs. de utilizare a site-ului web. NNC SERVICES a selectat cu aten\u021bie aceste cookie-uri \u0219i a luat m\u0103suri pentru a se asigura c\u0103 confiden\u021bialitatea dvs. este protejat\u0103 \u0219i respectat\u0103 \u00een permanen\u021b\u0103. \u00cenainte ca site-ul web s\u0103 plaseze cookie-uri pe computerul dumneavoastr\u0103, vi se va afi\u0219a o bar\u0103 de mesaje prin care vi se solicit\u0103 consim\u021b\u0103m\u00e2ntul pentru setarea acestor cookie-uri. Prin acordarea consim\u021b\u0103m\u00e2ntului pentru plasarea cookie-urilor, permite\u021bi NNC SERVICES s\u0103 v\u0103 ofere o experien\u021b\u0103 \u0219i un serviciu mai bune. Dac\u0103 dori\u021bi, pute\u021bi refuza consim\u021b\u0103m\u00e2ntul pentru plasarea cookie-urilor; cu toate acestea, anumite func\u021bii ale site-ului web ar putea s\u0103 nu func\u021bioneze pe deplin sau a\u0219a cum este prev\u0103zut. Pute\u021bi alege s\u0103 activa\u021bi sau s\u0103 dezactiva\u021bi cookie-urile \u00een browserul dvs. de internet. \u00cen mod implicit, majoritatea browserelor de internet accept\u0103 cookie-urile, dar acest lucru poate fi modificat. Pentru mai multe detalii, v\u0103 rug\u0103m s\u0103 consulta\u021bi meniul de ajutor din browserul dvs. de internet. Pute\u021bi alege s\u0103 \u0219terge\u021bi cookie-urile \u00een orice moment; cu toate acestea, este posibil s\u0103 pierde\u021bi orice informa\u021bii care v\u0103 permit s\u0103 accesa\u021bi site-ul web mai [&hellip;]<\/p>\n","protected":false},"author":1,"featured_media":0,"parent":0,"menu_order":0,"comment_status":"closed","ping_status":"closed","template":"","meta":{"_acf_changed":false,"_et_pb_use_builder":"on","_et_pb_old_content":"","_et_gb_content_width":"","footnotes":""},"class_list":["post-3834","page","type-page","status-publish","hentry"],"acf":[],"_links":{"self":[{"href":"https:\/\/nnc-services.com\/ro\/wp-json\/wp\/v2\/pages\/3834","targetHints":{"allow":["GET"]}}],"collection":[{"href":"https:\/\/nnc-services.com\/ro\/wp-json\/wp\/v2\/pages"}],"about":[{"href":"https:\/\/nnc-services.com\/ro\/wp-json\/wp\/v2\/types\/page"}],"author":[{"embeddable":true,"href":"https:\/\/nnc-services.com\/ro\/wp-json\/wp\/v2\/users\/1"}],"replies":[{"embeddable":true,"href":"https:\/\/nnc-services.com\/ro\/wp-json\/wp\/v2\/comments?post=3834"}],"version-history":[{"count":2,"href":"https:\/\/nnc-services.com\/ro\/wp-json\/wp\/v2\/pages\/3834\/revisions"}],"predecessor-version":[{"id":3837,"href":"https:\/\/nnc-services.com\/ro\/wp-json\/wp\/v2\/pages\/3834\/revisions\/3837"}],"wp:attachment":[{"href":"https:\/\/nnc-services.com\/ro\/wp-json\/wp\/v2\/media?parent=3834"}],"curies":[{"name":"wp","href":"https:\/\/api.w.org\/{rel}","templated":true}]}}